{"id":8594,"date":"2021-04-01T13:50:22","date_gmt":"2021-04-01T17:50:22","guid":{"rendered":"http:\/\/artsplastiques.classomption.qc.ca\/?page_id=8594"},"modified":"2021-04-01T13:57:50","modified_gmt":"2021-04-01T17:57:50","slug":"dessin-conceptuel-a-la-maniere-de-javier-perez-sec-5-2021","status":"publish","type":"page","link":"http:\/\/artsplastiques.classomption.qc.ca\/?page_id=8594","title":{"rendered":"DESSIN CONCEPTUEL \u00c0 LA MANI\u00c8RE DE JAVIER P\u00c9REZ (SEC. 5, 2021)"},"content":{"rendered":"\nngg_shortcode_0_placeholder\n\n\n\n<p><\/p>\n","protected":false},"excerpt":{"rendered":"","protected":false},"author":2,"featured_media":0,"parent":0,"menu_order":0,"comment_status":"closed","ping_status":"closed","template":"","meta":{"ngg_post_thumbnail":0,"footnotes":""},"class_list":["post-8594","page","type-page","status-publish","hentry","entry"],"_links":{"self":[{"href":"http:\/\/artsplastiques.classomption.qc.ca\/index.php?rest_route=\/wp\/v2\/pages\/8594","targetHints":{"allow":["GET"]}}],"collection":[{"href":"http:\/\/artsplastiques.classomption.qc.ca\/index.php?rest_route=\/wp\/v2\/pages"}],"about":[{"href":"http:\/\/artsplastiques.classomption.qc.ca\/index.php?rest_route=\/wp\/v2\/types\/page"}],"author":[{"embeddable":true,"href":"http:\/\/artsplastiques.classomption.qc.ca\/index.php?rest_route=\/wp\/v2\/users\/2"}],"replies":[{"embeddable":true,"href":"http:\/\/artsplastiques.classomption.qc.ca\/index.php?rest_route=%2Fwp%2Fv2%2Fcomments&post=8594"}],"version-history":[{"count":2,"href":"http:\/\/artsplastiques.classomption.qc.ca\/index.php?rest_route=\/wp\/v2\/pages\/8594\/revisions"}],"predecessor-version":[{"id":8619,"href":"http:\/\/artsplastiques.classomption.qc.ca\/index.php?rest_route=\/wp\/v2\/pages\/8594\/revisions\/8619"}],"wp:attachment":[{"href":"http:\/\/artsplastiques.classomption.qc.ca\/index.php?rest_route=%2Fwp%2Fv2%2Fmedia&parent=8594"}],"curies":[{"name":"wp","href":"https:\/\/api.w.org\/{rel}","templated":true}]}}