{"id":14354,"date":"2024-01-17T10:50:03","date_gmt":"2024-01-17T15:50:03","guid":{"rendered":"https:\/\/artsplastiques.classomption.qc.ca\/?page_id=14354"},"modified":"2024-01-17T10:54:25","modified_gmt":"2024-01-17T15:54:25","slug":"les-animaux-recuperes-sec-1-2023","status":"publish","type":"page","link":"http:\/\/artsplastiques.classomption.qc.ca\/?page_id=14354","title":{"rendered":"LES ANIMAUX R\u00c9CUP\u00c9R\u00c9S (SEC. 1, 2023)"},"content":{"rendered":"\nngg_shortcode_0_placeholder\n","protected":false},"excerpt":{"rendered":"","protected":false},"author":2,"featured_media":0,"parent":0,"menu_order":0,"comment_status":"closed","ping_status":"closed","template":"","meta":{"ngg_post_thumbnail":0,"footnotes":""},"class_list":["post-14354","page","type-page","status-publish","hentry","entry"],"_links":{"self":[{"href":"http:\/\/artsplastiques.classomption.qc.ca\/index.php?rest_route=\/wp\/v2\/pages\/14354","targetHints":{"allow":["GET"]}}],"collection":[{"href":"http:\/\/artsplastiques.classomption.qc.ca\/index.php?rest_route=\/wp\/v2\/pages"}],"about":[{"href":"http:\/\/artsplastiques.classomption.qc.ca\/index.php?rest_route=\/wp\/v2\/types\/page"}],"author":[{"embeddable":true,"href":"http:\/\/artsplastiques.classomption.qc.ca\/index.php?rest_route=\/wp\/v2\/users\/2"}],"replies":[{"embeddable":true,"href":"http:\/\/artsplastiques.classomption.qc.ca\/index.php?rest_route=%2Fwp%2Fv2%2Fcomments&post=14354"}],"version-history":[{"count":2,"href":"http:\/\/artsplastiques.classomption.qc.ca\/index.php?rest_route=\/wp\/v2\/pages\/14354\/revisions"}],"predecessor-version":[{"id":14385,"href":"http:\/\/artsplastiques.classomption.qc.ca\/index.php?rest_route=\/wp\/v2\/pages\/14354\/revisions\/14385"}],"wp:attachment":[{"href":"http:\/\/artsplastiques.classomption.qc.ca\/index.php?rest_route=%2Fwp%2Fv2%2Fmedia&parent=14354"}],"curies":[{"name":"wp","href":"https:\/\/api.w.org\/{rel}","templated":true}]}}