{"id":12192,"date":"2022-11-28T14:10:19","date_gmt":"2022-11-28T19:10:19","guid":{"rendered":"https:\/\/artsplastiques.classomption.qc.ca\/?page_id=12192"},"modified":"2022-11-28T14:17:39","modified_gmt":"2022-11-28T19:17:39","slug":"les-animaux-recuperes-sec-1-2022","status":"publish","type":"page","link":"http:\/\/artsplastiques.classomption.qc.ca\/?page_id=12192","title":{"rendered":"LES ANIMAUX R\u00c9CUP\u00c9R\u00c9S \u00c0 LA MANI\u00c8RE DE BORDALO II (SEC. 1, 2022)"},"content":{"rendered":"\nngg_shortcode_0_placeholder\n","protected":false},"excerpt":{"rendered":"","protected":false},"author":2,"featured_media":0,"parent":0,"menu_order":0,"comment_status":"closed","ping_status":"closed","template":"","meta":{"ngg_post_thumbnail":0,"footnotes":""},"class_list":["post-12192","page","type-page","status-publish","hentry","entry"],"_links":{"self":[{"href":"http:\/\/artsplastiques.classomption.qc.ca\/index.php?rest_route=\/wp\/v2\/pages\/12192","targetHints":{"allow":["GET"]}}],"collection":[{"href":"http:\/\/artsplastiques.classomption.qc.ca\/index.php?rest_route=\/wp\/v2\/pages"}],"about":[{"href":"http:\/\/artsplastiques.classomption.qc.ca\/index.php?rest_route=\/wp\/v2\/types\/page"}],"author":[{"embeddable":true,"href":"http:\/\/artsplastiques.classomption.qc.ca\/index.php?rest_route=\/wp\/v2\/users\/2"}],"replies":[{"embeddable":true,"href":"http:\/\/artsplastiques.classomption.qc.ca\/index.php?rest_route=%2Fwp%2Fv2%2Fcomments&post=12192"}],"version-history":[{"count":3,"href":"http:\/\/artsplastiques.classomption.qc.ca\/index.php?rest_route=\/wp\/v2\/pages\/12192\/revisions"}],"predecessor-version":[{"id":12234,"href":"http:\/\/artsplastiques.classomption.qc.ca\/index.php?rest_route=\/wp\/v2\/pages\/12192\/revisions\/12234"}],"wp:attachment":[{"href":"http:\/\/artsplastiques.classomption.qc.ca\/index.php?rest_route=%2Fwp%2Fv2%2Fmedia&parent=12192"}],"curies":[{"name":"wp","href":"https:\/\/api.w.org\/{rel}","templated":true}]}}