{"id":11651,"date":"2022-06-23T12:10:34","date_gmt":"2022-06-23T16:10:34","guid":{"rendered":"https:\/\/artsplastiques.classomption.qc.ca\/?page_id=11651"},"modified":"2022-06-23T12:17:12","modified_gmt":"2022-06-23T16:17:12","slug":"animaux-recuperes-a-la-maniere-de-bordalo-ii-sec-1-2022","status":"publish","type":"page","link":"http:\/\/artsplastiques.classomption.qc.ca\/?page_id=11651","title":{"rendered":"ANIMAUX R\u00c9CUP\u00c9R\u00c9S \u00c0 LA MANI\u00c8RE DE BORDALO II (SEC. 1, 2022)"},"content":{"rendered":"\nngg_shortcode_0_placeholder\n","protected":false},"excerpt":{"rendered":"","protected":false},"author":2,"featured_media":0,"parent":0,"menu_order":0,"comment_status":"closed","ping_status":"closed","template":"","meta":{"ngg_post_thumbnail":0,"footnotes":""},"class_list":["post-11651","page","type-page","status-publish","hentry","entry"],"_links":{"self":[{"href":"http:\/\/artsplastiques.classomption.qc.ca\/index.php?rest_route=\/wp\/v2\/pages\/11651","targetHints":{"allow":["GET"]}}],"collection":[{"href":"http:\/\/artsplastiques.classomption.qc.ca\/index.php?rest_route=\/wp\/v2\/pages"}],"about":[{"href":"http:\/\/artsplastiques.classomption.qc.ca\/index.php?rest_route=\/wp\/v2\/types\/page"}],"author":[{"embeddable":true,"href":"http:\/\/artsplastiques.classomption.qc.ca\/index.php?rest_route=\/wp\/v2\/users\/2"}],"replies":[{"embeddable":true,"href":"http:\/\/artsplastiques.classomption.qc.ca\/index.php?rest_route=%2Fwp%2Fv2%2Fcomments&post=11651"}],"version-history":[{"count":2,"href":"http:\/\/artsplastiques.classomption.qc.ca\/index.php?rest_route=\/wp\/v2\/pages\/11651\/revisions"}],"predecessor-version":[{"id":11692,"href":"http:\/\/artsplastiques.classomption.qc.ca\/index.php?rest_route=\/wp\/v2\/pages\/11651\/revisions\/11692"}],"wp:attachment":[{"href":"http:\/\/artsplastiques.classomption.qc.ca\/index.php?rest_route=%2Fwp%2Fv2%2Fmedia&parent=11651"}],"curies":[{"name":"wp","href":"https:\/\/api.w.org\/{rel}","templated":true}]}}